{"id":169,"date":"2023-02-07T20:08:08","date_gmt":"2023-02-07T20:08:08","guid":{"rendered":"https:\/\/filaksplus.wpengine.com\/?page_id=169"},"modified":"2026-02-23T10:00:25","modified_gmt":"2026-02-23T10:00:25","slug":"agb","status":"publish","type":"page","link":"https:\/\/filaksplus.com\/en\/agb\/","title":{"rendered":"AGB"},"content":{"rendered":"<div data-elementor-type=\"wp-page\" data-elementor-id=\"169\" class=\"elementor elementor-169\">\n\t\t\t\t\t\t<section class=\"elementor-section elementor-top-section elementor-element elementor-element-3418003 elementor-section-boxed elementor-section-height-default elementor-section-height-default\" data-id=\"3418003\" data-element_type=\"section\" data-settings=\"{&quot;background_background&quot;:&quot;classic&quot;}\">\n\t\t\t\t\t\t<div class=\"elementor-container elementor-column-gap-default\">\n\t\t\t\t\t<div class=\"elementor-column elementor-col-100 elementor-top-column elementor-element elementor-element-41822fa\" data-id=\"41822fa\" data-element_type=\"column\">\n\t\t\t<div class=\"elementor-widget-wrap elementor-element-populated\">\n\t\t\t\t\t\t<div class=\"elementor-element elementor-element-d3ebdf0 elementor-widget elementor-widget-heading\" data-id=\"d3ebdf0\" data-element_type=\"widget\" data-widget_type=\"heading.default\">\n\t\t\t\t<div class=\"elementor-widget-container\">\n\t\t\t\t\t<h6 class=\"elementor-heading-title elementor-size-default\">FILAKS.plus<\/h6>\t\t\t\t<\/div>\n\t\t\t\t<\/div>\n\t\t\t\t<div class=\"elementor-element elementor-element-fa414ed elementor-widget elementor-widget-heading\" data-id=\"fa414ed\" data-element_type=\"widget\" data-widget_type=\"heading.default\">\n\t\t\t\t<div class=\"elementor-widget-container\">\n\t\t\t\t\t<h1 class=\"elementor-heading-title elementor-size-default\">AGB<\/h1>\t\t\t\t<\/div>\n\t\t\t\t<\/div>\n\t\t\t\t\t<\/div>\n\t\t<\/div>\n\t\t\t\t\t<\/div>\n\t\t<\/section>\n\t\t\t\t<section class=\"elementor-section elementor-top-section elementor-element elementor-element-f3df94f elementor-section-boxed elementor-section-height-default elementor-section-height-default\" data-id=\"f3df94f\" data-element_type=\"section\">\n\t\t\t\t\t\t<div class=\"elementor-container elementor-column-gap-default\">\n\t\t\t\t\t<div class=\"elementor-column elementor-col-100 elementor-top-column elementor-element elementor-element-afb4dbe\" data-id=\"afb4dbe\" data-element_type=\"column\">\n\t\t\t<div class=\"elementor-widget-wrap elementor-element-populated\">\n\t\t\t\t\t\t<div class=\"elementor-element elementor-element-7fafcc3 elementor-widget elementor-widget-heading\" data-id=\"7fafcc3\" data-element_type=\"widget\" data-widget_type=\"heading.default\">\n\t\t\t\t<div class=\"elementor-widget-container\">\n\t\t\t\t\t<h4 class=\"elementor-heading-title elementor-size-default\">AGBs der FREICON GmbH &amp; Co. KG<\/h4>\t\t\t\t<\/div>\n\t\t\t\t<\/div>\n\t\t\t\t\t<\/div>\n\t\t<\/div>\n\t\t\t\t\t<\/div>\n\t\t<\/section>\n\t\t\t\t<section class=\"elementor-section elementor-top-section elementor-element elementor-element-fdd1b14 elementor-section-boxed elementor-section-height-default elementor-section-height-default\" data-id=\"fdd1b14\" data-element_type=\"section\">\n\t\t\t\t\t\t<div class=\"elementor-container elementor-column-gap-default\">\n\t\t\t\t\t<div class=\"elementor-column elementor-col-50 elementor-top-column elementor-element elementor-element-ae29215\" data-id=\"ae29215\" data-element_type=\"column\">\n\t\t\t<div class=\"elementor-widget-wrap elementor-element-populated\">\n\t\t\t\t\t\t<div class=\"elementor-element elementor-element-df7482e elementor-align-left elementor-mobile-align-center button1 elementor-tablet-align-center elementor-widget elementor-widget-button\" data-id=\"df7482e\" data-element_type=\"widget\" data-widget_type=\"button.default\">\n\t\t\t\t<div class=\"elementor-widget-container\">\n\t\t\t\t\t\t\t\t\t<div class=\"elementor-button-wrapper\">\n\t\t\t\t\t<a class=\"elementor-button elementor-button-link elementor-size-sm\" href=\"https:\/\/filaksplus.com\/wp-content\/uploads\/2023\/02\/AGB-Dienstleistungen-FREICON.pdf\" target=\"_blank\">\n\t\t\t\t\t\t<span class=\"elementor-button-content-wrapper\">\n\t\t\t\t\t\t<span class=\"elementor-button-icon\">\n\t\t\t\t<i aria-hidden=\"true\" class=\"icon icon-download-arrow\"><\/i>\t\t\t<\/span>\n\t\t\t\t\t\t\t\t\t<span class=\"elementor-button-text\">Allgemeine Gesch\u00e4ftsbedingungen f\u00fcr Dienstleistungen<\/span>\n\t\t\t\t\t<\/span>\n\t\t\t\t\t<\/a>\n\t\t\t\t<\/div>\n\t\t\t\t\t\t\t\t<\/div>\n\t\t\t\t<\/div>\n\t\t\t\t<div class=\"elementor-element elementor-element-c862422 elementor-align-left elementor-mobile-align-center elementor-tablet-align-center elementor-widget elementor-widget-button\" data-id=\"c862422\" data-element_type=\"widget\" data-widget_type=\"button.default\">\n\t\t\t\t<div class=\"elementor-widget-container\">\n\t\t\t\t\t\t\t\t\t<div class=\"elementor-button-wrapper\">\n\t\t\t\t\t<a class=\"elementor-button elementor-button-link elementor-size-sm\" href=\"https:\/\/filaksplus.com\/wp-content\/uploads\/2023\/02\/AGB-Miete-Wartung-Software-FREICON.pdf\" target=\"_blank\">\n\t\t\t\t\t\t<span class=\"elementor-button-content-wrapper\">\n\t\t\t\t\t\t<span class=\"elementor-button-icon\">\n\t\t\t\t<i aria-hidden=\"true\" class=\"icon icon-download-arrow\"><\/i>\t\t\t<\/span>\n\t\t\t\t\t\t\t\t\t<span class=\"elementor-button-text\">Allgemeine Bedingungen f\u00fcr Softwaremiete und -wartung<\/span>\n\t\t\t\t\t<\/span>\n\t\t\t\t\t<\/a>\n\t\t\t\t<\/div>\n\t\t\t\t\t\t\t\t<\/div>\n\t\t\t\t<\/div>\n\t\t\t\t<div class=\"elementor-element elementor-element-c43d85a elementor-align-left elementor-mobile-align-center elementor-tablet-align-center elementor-widget elementor-widget-button\" data-id=\"c43d85a\" data-element_type=\"widget\" data-widget_type=\"button.default\">\n\t\t\t\t<div class=\"elementor-widget-container\">\n\t\t\t\t\t\t\t\t\t<div class=\"elementor-button-wrapper\">\n\t\t\t\t\t<a class=\"elementor-button elementor-button-link elementor-size-sm\" href=\"https:\/\/filaksplus.com\/wp-content\/uploads\/2023\/02\/AGB-Verkauf-Hardware-FREICON.pdf\" target=\"_blank\">\n\t\t\t\t\t\t<span class=\"elementor-button-content-wrapper\">\n\t\t\t\t\t\t<span class=\"elementor-button-icon\">\n\t\t\t\t<i aria-hidden=\"true\" class=\"icon icon-download-arrow\"><\/i>\t\t\t<\/span>\n\t\t\t\t\t\t\t\t\t<span class=\"elementor-button-text\"> Allgemeine Verkaufsbedingungen f\u00fcr Hardware<\/span>\n\t\t\t\t\t<\/span>\n\t\t\t\t\t<\/a>\n\t\t\t\t<\/div>\n\t\t\t\t\t\t\t\t<\/div>\n\t\t\t\t<\/div>\n\t\t\t\t\t<\/div>\n\t\t<\/div>\n\t\t\t\t<div class=\"elementor-column elementor-col-50 elementor-top-column elementor-element elementor-element-6521e97\" data-id=\"6521e97\" data-element_type=\"column\">\n\t\t\t<div class=\"elementor-widget-wrap elementor-element-populated\">\n\t\t\t\t\t\t<div class=\"elementor-element elementor-element-b561007 elementor-align-left elementor-mobile-align-center button1 elementor-tablet-align-center elementor-widget elementor-widget-button\" data-id=\"b561007\" data-element_type=\"widget\" data-widget_type=\"button.default\">\n\t\t\t\t<div class=\"elementor-widget-container\">\n\t\t\t\t\t\t\t\t\t<div class=\"elementor-button-wrapper\">\n\t\t\t\t\t<a class=\"elementor-button elementor-button-link elementor-size-sm\" href=\"https:\/\/filaksplus.com\/wp-content\/uploads\/2023\/02\/AGB-Verkauf-Software-FREICON.pdf\" target=\"_blank\">\n\t\t\t\t\t\t<span class=\"elementor-button-content-wrapper\">\n\t\t\t\t\t\t<span class=\"elementor-button-icon\">\n\t\t\t\t<i aria-hidden=\"true\" class=\"icon icon-download-arrow\"><\/i>\t\t\t<\/span>\n\t\t\t\t\t\t\t\t\t<span class=\"elementor-button-text\">Allgemeine Verkaufsbedingungen f\u00fcr Standardsoftware<\/span>\n\t\t\t\t\t<\/span>\n\t\t\t\t\t<\/a>\n\t\t\t\t<\/div>\n\t\t\t\t\t\t\t\t<\/div>\n\t\t\t\t<\/div>\n\t\t\t\t<div class=\"elementor-element elementor-element-516c767 elementor-align-left elementor-mobile-align-center button1 elementor-tablet-align-center elementor-widget elementor-widget-button\" data-id=\"516c767\" data-element_type=\"widget\" data-widget_type=\"button.default\">\n\t\t\t\t<div class=\"elementor-widget-container\">\n\t\t\t\t\t\t\t\t\t<div class=\"elementor-button-wrapper\">\n\t\t\t\t\t<a class=\"elementor-button elementor-button-link elementor-size-sm\" href=\"https:\/\/filaksplus.com\/wp-content\/uploads\/2026\/02\/2026-01-01-Sadie-Nutzungsbedingungen.pdf\" target=\"_blank\">\n\t\t\t\t\t\t<span class=\"elementor-button-content-wrapper\">\n\t\t\t\t\t\t<span class=\"elementor-button-icon\">\n\t\t\t\t<i aria-hidden=\"true\" class=\"icon icon-download-arrow\"><\/i>\t\t\t<\/span>\n\t\t\t\t\t\t\t\t\t<span class=\"elementor-button-text\">Allgemeine Nutzungsbedingungen f\u00fcr Sadie Automotive<\/span>\n\t\t\t\t\t<\/span>\n\t\t\t\t\t<\/a>\n\t\t\t\t<\/div>\n\t\t\t\t\t\t\t\t<\/div>\n\t\t\t\t<\/div>\n\t\t\t\t<div class=\"elementor-element elementor-element-efde807 elementor-align-left elementor-mobile-align-center elementor-tablet-align-center elementor-widget elementor-widget-button\" data-id=\"efde807\" data-element_type=\"widget\" data-widget_type=\"button.default\">\n\t\t\t\t<div class=\"elementor-widget-container\">\n\t\t\t\t\t\t\t\t\t<div class=\"elementor-button-wrapper\">\n\t\t\t\t\t<a class=\"elementor-button elementor-button-link elementor-size-sm\" href=\"https:\/\/filaksplus.com\/wp-content\/uploads\/2023\/02\/AGB-Wartung-Software-FREICON.pdf\" target=\"_blank\">\n\t\t\t\t\t\t<span class=\"elementor-button-content-wrapper\">\n\t\t\t\t\t\t<span class=\"elementor-button-icon\">\n\t\t\t\t<i aria-hidden=\"true\" class=\"icon icon-download-arrow\"><\/i>\t\t\t<\/span>\n\t\t\t\t\t\t\t\t\t<span class=\"elementor-button-text\">Allgemeine Gesch\u00e4ftsbedingungen f\u00fcr Software-Wartung<\/span>\n\t\t\t\t\t<\/span>\n\t\t\t\t\t<\/a>\n\t\t\t\t<\/div>\n\t\t\t\t\t\t\t\t<\/div>\n\t\t\t\t<\/div>\n\t\t\t\t<div class=\"elementor-element elementor-element-efaab56 elementor-align-left elementor-mobile-align-center elementor-tablet-align-center elementor-widget elementor-widget-button\" data-id=\"efaab56\" data-element_type=\"widget\" data-widget_type=\"button.default\">\n\t\t\t\t<div class=\"elementor-widget-container\">\n\t\t\t\t\t\t\t\t\t<div class=\"elementor-button-wrapper\">\n\t\t\t\t\t<a class=\"elementor-button elementor-button-link elementor-size-sm\" href=\"https:\/\/filaksplus.com\/wp-content\/uploads\/2023\/02\/AGB-Werksleistung-FREICON-.pdf\" target=\"_blank\">\n\t\t\t\t\t\t<span class=\"elementor-button-content-wrapper\">\n\t\t\t\t\t\t<span class=\"elementor-button-icon\">\n\t\t\t\t<i aria-hidden=\"true\" class=\"icon icon-download-arrow\"><\/i>\t\t\t<\/span>\n\t\t\t\t\t\t\t\t\t<span class=\"elementor-button-text\">Allgemeine Gesch\u00e4ftsbedingungen f\u00fcr Werksleistungen<\/span>\n\t\t\t\t\t<\/span>\n\t\t\t\t\t<\/a>\n\t\t\t\t<\/div>\n\t\t\t\t\t\t\t\t<\/div>\n\t\t\t\t<\/div>\n\t\t\t\t\t<\/div>\n\t\t<\/div>\n\t\t\t\t\t<\/div>\n\t\t<\/section>\n\t\t\t\t<\/div>","protected":false},"excerpt":{"rendered":"<p>FILAKS.plus AGB AGBs der FREICON GmbH &amp; Co. KG Allgemeine Gesch\u00e4ftsbedingungen f\u00fcr Dienstleistungen Allgemeine Bedingungen f\u00fcr Softwaremiete und -wartung Allgemeine Verkaufsbedingungen f\u00fcr Hardware Allgemeine Verkaufsbedingungen f\u00fcr Standardsoftware Allgemeine Nutzungsbedingungen f\u00fcr Sadie Automotive Allgemeine Gesch\u00e4ftsbedingungen f\u00fcr Software-Wartung Allgemeine Gesch\u00e4ftsbedingungen f\u00fcr Werksleistungen<\/p>","protected":false},"author":11,"featured_media":0,"parent":0,"menu_order":0,"comment_status":"closed","ping_status":"closed","template":"","meta":{"footnotes":""},"class_list":["post-169","page","type-page","status-publish","hentry"],"yoast_head":"<!-- This site is optimized with the Yoast SEO plugin v25.2 - https:\/\/yoast.com\/wordpress\/plugins\/seo\/ -->\n<title>AGB - FILAKS.PLUS<\/title>\n<meta name=\"robots\" content=\"index, follow, max-snippet:-1, max-image-preview:large, max-video-preview:-1\" \/>\n<link rel=\"canonical\" href=\"https:\/\/filaksplus.com\/en\/agb\/\" \/>\n<meta property=\"og:locale\" content=\"en_US\" \/>\n<meta property=\"og:type\" content=\"article\" \/>\n<meta property=\"og:title\" content=\"AGB - FILAKS.PLUS\" \/>\n<meta property=\"og:description\" content=\"FILAKS.plus AGB AGBs der FREICON GmbH &amp; Co. KG Allgemeine Gesch\u00e4ftsbedingungen f\u00fcr Dienstleistungen Allgemeine Bedingungen f\u00fcr Softwaremiete und -wartung Allgemeine Verkaufsbedingungen f\u00fcr Hardware Allgemeine Verkaufsbedingungen f\u00fcr Standardsoftware Allgemeine Nutzungsbedingungen f\u00fcr Sadie Automotive Allgemeine Gesch\u00e4ftsbedingungen f\u00fcr Software-Wartung Allgemeine Gesch\u00e4ftsbedingungen f\u00fcr Werksleistungen\" \/>\n<meta property=\"og:url\" content=\"https:\/\/filaksplus.com\/en\/agb\/\" \/>\n<meta property=\"og:site_name\" content=\"FILAKS.PLUS\" \/>\n<meta property=\"article:modified_time\" content=\"2026-02-23T10:00:25+00:00\" \/>\n<meta name=\"twitter:card\" content=\"summary_large_image\" \/>\n<meta name=\"twitter:label1\" content=\"Est. reading time\" \/>\n\t<meta name=\"twitter:data1\" content=\"1 minute\" \/>\n<script type=\"application\/ld+json\" class=\"yoast-schema-graph\">{\"@context\":\"https:\/\/schema.org\",\"@graph\":[{\"@type\":\"WebPage\",\"@id\":\"https:\/\/filaksplus.com\/agb\/\",\"url\":\"https:\/\/filaksplus.com\/agb\/\",\"name\":\"AGB - FILAKS.PLUS\",\"isPartOf\":{\"@id\":\"https:\/\/filaksplus.com\/#website\"},\"datePublished\":\"2023-02-07T20:08:08+00:00\",\"dateModified\":\"2026-02-23T10:00:25+00:00\",\"breadcrumb\":{\"@id\":\"https:\/\/filaksplus.com\/agb\/#breadcrumb\"},\"inLanguage\":\"en-US\",\"potentialAction\":[{\"@type\":\"ReadAction\",\"target\":[\"https:\/\/filaksplus.com\/agb\/\"]}]},{\"@type\":\"BreadcrumbList\",\"@id\":\"https:\/\/filaksplus.com\/agb\/#breadcrumb\",\"itemListElement\":[{\"@type\":\"ListItem\",\"position\":1,\"name\":\"Home\",\"item\":\"https:\/\/filaksplus.com\/\"},{\"@type\":\"ListItem\",\"position\":2,\"name\":\"AGB\"}]},{\"@type\":\"WebSite\",\"@id\":\"https:\/\/filaksplus.com\/#website\",\"url\":\"https:\/\/filaksplus.com\/\",\"name\":\"FILAKS.PLUS\",\"description\":\"\",\"publisher\":{\"@id\":\"https:\/\/filaksplus.com\/#organization\"},\"potentialAction\":[{\"@type\":\"SearchAction\",\"target\":{\"@type\":\"EntryPoint\",\"urlTemplate\":\"https:\/\/filaksplus.com\/?s={search_term_string}\"},\"query-input\":{\"@type\":\"PropertyValueSpecification\",\"valueRequired\":true,\"valueName\":\"search_term_string\"}}],\"inLanguage\":\"en-US\"},{\"@type\":\"Organization\",\"@id\":\"https:\/\/filaksplus.com\/#organization\",\"name\":\"FILAKS.PLUS\",\"url\":\"https:\/\/filaksplus.com\/\",\"logo\":{\"@type\":\"ImageObject\",\"inLanguage\":\"en-US\",\"@id\":\"https:\/\/filaksplus.com\/#\/schema\/logo\/image\/\",\"url\":\"https:\/\/filaksplus.com\/wp-content\/uploads\/2023\/02\/Filaks.Plus_Brand-13.svg\",\"contentUrl\":\"https:\/\/filaksplus.com\/wp-content\/uploads\/2023\/02\/Filaks.Plus_Brand-13.svg\",\"width\":281,\"height\":100,\"caption\":\"FILAKS.PLUS\"},\"image\":{\"@id\":\"https:\/\/filaksplus.com\/#\/schema\/logo\/image\/\"}}]}<\/script>\n<!-- \/ Yoast SEO plugin. -->","yoast_head_json":{"title":"AGB - FILAKS.PLUS","robots":{"index":"index","follow":"follow","max-snippet":"max-snippet:-1","max-image-preview":"max-image-preview:large","max-video-preview":"max-video-preview:-1"},"canonical":"https:\/\/filaksplus.com\/en\/agb\/","og_locale":"en_US","og_type":"article","og_title":"AGB - FILAKS.PLUS","og_description":"FILAKS.plus AGB AGBs der FREICON GmbH &amp; Co. KG Allgemeine Gesch\u00e4ftsbedingungen f\u00fcr Dienstleistungen Allgemeine Bedingungen f\u00fcr Softwaremiete und -wartung Allgemeine Verkaufsbedingungen f\u00fcr Hardware Allgemeine Verkaufsbedingungen f\u00fcr Standardsoftware Allgemeine Nutzungsbedingungen f\u00fcr Sadie Automotive Allgemeine Gesch\u00e4ftsbedingungen f\u00fcr Software-Wartung Allgemeine Gesch\u00e4ftsbedingungen f\u00fcr Werksleistungen","og_url":"https:\/\/filaksplus.com\/en\/agb\/","og_site_name":"FILAKS.PLUS","article_modified_time":"2026-02-23T10:00:25+00:00","twitter_card":"summary_large_image","twitter_misc":{"Est. reading time":"1 minute"},"schema":{"@context":"https:\/\/schema.org","@graph":[{"@type":"WebPage","@id":"https:\/\/filaksplus.com\/agb\/","url":"https:\/\/filaksplus.com\/agb\/","name":"AGB - FILAKS.PLUS","isPartOf":{"@id":"https:\/\/filaksplus.com\/#website"},"datePublished":"2023-02-07T20:08:08+00:00","dateModified":"2026-02-23T10:00:25+00:00","breadcrumb":{"@id":"https:\/\/filaksplus.com\/agb\/#breadcrumb"},"inLanguage":"en-US","potentialAction":[{"@type":"ReadAction","target":["https:\/\/filaksplus.com\/agb\/"]}]},{"@type":"BreadcrumbList","@id":"https:\/\/filaksplus.com\/agb\/#breadcrumb","itemListElement":[{"@type":"ListItem","position":1,"name":"Home","item":"https:\/\/filaksplus.com\/"},{"@type":"ListItem","position":2,"name":"AGB"}]},{"@type":"WebSite","@id":"https:\/\/filaksplus.com\/#website","url":"https:\/\/filaksplus.com\/","name":"FILAKS.PLUS","description":"","publisher":{"@id":"https:\/\/filaksplus.com\/#organization"},"potentialAction":[{"@type":"SearchAction","target":{"@type":"EntryPoint","urlTemplate":"https:\/\/filaksplus.com\/?s={search_term_string}"},"query-input":{"@type":"PropertyValueSpecification","valueRequired":true,"valueName":"search_term_string"}}],"inLanguage":"en-US"},{"@type":"Organization","@id":"https:\/\/filaksplus.com\/#organization","name":"FILAKS.PLUS","url":"https:\/\/filaksplus.com\/","logo":{"@type":"ImageObject","inLanguage":"en-US","@id":"https:\/\/filaksplus.com\/#\/schema\/logo\/image\/","url":"https:\/\/filaksplus.com\/wp-content\/uploads\/2023\/02\/Filaks.Plus_Brand-13.svg","contentUrl":"https:\/\/filaksplus.com\/wp-content\/uploads\/2023\/02\/Filaks.Plus_Brand-13.svg","width":281,"height":100,"caption":"FILAKS.PLUS"},"image":{"@id":"https:\/\/filaksplus.com\/#\/schema\/logo\/image\/"}}]}},"featured_image_src":null,"featured_image_src_square":null,"_links":{"self":[{"href":"https:\/\/filaksplus.com\/en\/wp-json\/wp\/v2\/pages\/169","targetHints":{"allow":["GET"]}}],"collection":[{"href":"https:\/\/filaksplus.com\/en\/wp-json\/wp\/v2\/pages"}],"about":[{"href":"https:\/\/filaksplus.com\/en\/wp-json\/wp\/v2\/types\/page"}],"author":[{"embeddable":true,"href":"https:\/\/filaksplus.com\/en\/wp-json\/wp\/v2\/users\/11"}],"replies":[{"embeddable":true,"href":"https:\/\/filaksplus.com\/en\/wp-json\/wp\/v2\/comments?post=169"}],"version-history":[{"count":3,"href":"https:\/\/filaksplus.com\/en\/wp-json\/wp\/v2\/pages\/169\/revisions"}],"predecessor-version":[{"id":5132,"href":"https:\/\/filaksplus.com\/en\/wp-json\/wp\/v2\/pages\/169\/revisions\/5132"}],"wp:attachment":[{"href":"https:\/\/filaksplus.com\/en\/wp-json\/wp\/v2\/media?parent=169"}],"curies":[{"name":"wp","href":"https:\/\/api.w.org\/{rel}","templated":true}]}}