{"id":167,"date":"2023-02-07T20:07:34","date_gmt":"2023-02-07T20:07:34","guid":{"rendered":"https:\/\/filaksplus.wpengine.com\/?page_id=167"},"modified":"2024-10-28T12:19:09","modified_gmt":"2024-10-28T12:19:09","slug":"impressum","status":"publish","type":"page","link":"https:\/\/filaksplus.com\/en\/impressum\/","title":{"rendered":"Impressum"},"content":{"rendered":"<div data-elementor-type=\"wp-page\" data-elementor-id=\"167\" class=\"elementor elementor-167\">\n\t\t\t\t\t\t<section class=\"elementor-section elementor-top-section elementor-element elementor-element-a1762bb elementor-section-boxed elementor-section-height-default elementor-section-height-default\" data-id=\"a1762bb\" data-element_type=\"section\" data-settings=\"{&quot;background_background&quot;:&quot;classic&quot;}\">\n\t\t\t\t\t\t<div class=\"elementor-container elementor-column-gap-default\">\n\t\t\t\t\t<div class=\"elementor-column elementor-col-100 elementor-top-column elementor-element elementor-element-ebe42f3\" data-id=\"ebe42f3\" data-element_type=\"column\">\n\t\t\t<div class=\"elementor-widget-wrap elementor-element-populated\">\n\t\t\t\t\t\t<div class=\"elementor-element elementor-element-76a5765 elementor-widget elementor-widget-heading\" data-id=\"76a5765\" data-element_type=\"widget\" data-widget_type=\"heading.default\">\n\t\t\t\t<div class=\"elementor-widget-container\">\n\t\t\t\t\t<h6 class=\"elementor-heading-title elementor-size-default\">FILAKS.plus<\/h6>\t\t\t\t<\/div>\n\t\t\t\t<\/div>\n\t\t\t\t<div class=\"elementor-element elementor-element-45f23fb elementor-widget elementor-widget-heading\" data-id=\"45f23fb\" data-element_type=\"widget\" data-widget_type=\"heading.default\">\n\t\t\t\t<div class=\"elementor-widget-container\">\n\t\t\t\t\t<h1 class=\"elementor-heading-title elementor-size-default\">Impressum<\/h1>\t\t\t\t<\/div>\n\t\t\t\t<\/div>\n\t\t\t\t\t<\/div>\n\t\t<\/div>\n\t\t\t\t\t<\/div>\n\t\t<\/section>\n\t\t\t\t<section class=\"elementor-section elementor-top-section elementor-element elementor-element-2985233 elementor-section-boxed elementor-section-height-default elementor-section-height-default\" data-id=\"2985233\" data-element_type=\"section\">\n\t\t\t\t\t\t<div class=\"elementor-container elementor-column-gap-default\">\n\t\t\t\t\t<div class=\"elementor-column elementor-col-50 elementor-top-column elementor-element elementor-element-08cb3f5\" data-id=\"08cb3f5\" data-element_type=\"column\" data-settings=\"{&quot;background_background&quot;:&quot;classic&quot;}\">\n\t\t\t<div class=\"elementor-widget-wrap elementor-element-populated\">\n\t\t\t\t\t\t<div class=\"elementor-element elementor-element-adf0028 elementor-widget elementor-widget-text-editor\" data-id=\"adf0028\" data-element_type=\"widget\" data-widget_type=\"text-editor.default\">\n\t\t\t\t<div class=\"elementor-widget-container\">\n\t\t\t\t\t\t\t\t\t<div class=\"fusion-text fusion-text-1\">\n<h4 class=\"fusion-responsive-typography-calculated\" data-fontsize=\"26\" data-lineheight=\"39px\">Freicon Software GmbH<\/h4>\n<p>Freicon Software GmbH<br>Frohmattenstr. 25<br>79268 B\u00f6tzingen<br>Germany&nbsp;<br>Office: +49 (0) 7663 60898-00<br><a href=\"https:\/\/filaksplus.com\/en\/\" target=\"_blank\" rel=\"noopener\">www.filaksplus.com<\/a><\/p>\n<p><strong>Gesch\u00e4ftsf\u00fchrung:&nbsp;<\/strong><br>Christopher Henni<br><span style=\"font-family: var( --e-global-typography-text-font-family ), Sans-serif; font-weight: var( --e-global-typography-text-font-weight ); background-color: var( --e-global-color-c92bde9 ); color: var( --e-global-color-primary );\">Cheryll Beumer<\/span><\/p>\n<p><strong>Amtsgericht: <\/strong><span class=\"ui-provider gy b c d e f g h i j k l m n o p q r s t u v w x y z ab ac ae af ag ah ai aj ak\" dir=\"ltr\">Freiburg HRB 728608<\/span><\/p>\n<p><strong>Steuernummer:<\/strong> 06424\/41049<\/p>\n<p><strong>USt-IdNr:<\/strong> DE357612463<\/p>\n<p><strong>Bankverbindungen:<\/strong><\/p>\n<p><strong>Kontoinhaber:<\/strong> Freicon Software GmbH<\/p>\n<p>BNP Paribas, Frankfurt am Main<\/p>\n<p><strong>IBAN:<\/strong> DE15 5121 0600 4224 2970 12<\/p>\n<p><strong>BIC\/SWIFT:<\/strong> BNPADEFFXXX<\/p>\n<\/div>\t\t\t\t\t\t\t\t<\/div>\n\t\t\t\t<\/div>\n\t\t\t\t\t<\/div>\n\t\t<\/div>\n\t\t\t\t<div class=\"elementor-column elementor-col-50 elementor-top-column elementor-element elementor-element-db6939a\" data-id=\"db6939a\" data-element_type=\"column\">\n\t\t\t<div class=\"elementor-widget-wrap elementor-element-populated\">\n\t\t\t\t\t\t<div class=\"elementor-element elementor-element-f00e438 elementor-widget elementor-widget-text-editor\" data-id=\"f00e438\" data-element_type=\"widget\" data-widget_type=\"text-editor.default\">\n\t\t\t\t<div class=\"elementor-widget-container\">\n\t\t\t\t\t\t\t\t\t<h3 class=\"fusion-responsive-typography-calculated\" data-fontsize=\"26\" data-lineheight=\"39px\">Bildrechte<\/h3><p>Fotolia, smilewerbung, Fischer<br \/>Opel-Partner: \u00a9 Surapol Usanakul \u2013 stock.adobe.com<\/p><h3 class=\"fusion-responsive-typography-calculated\" data-fontsize=\"26\" data-lineheight=\"39px\">Online-Streitbeilegung<\/h3><p>Im Streitfall k\u00f6nnen Verbraucher die Online-Streitbeilegungsplattform der EU-Kommission unter\u00a0<a href=\"http:\/\/ec.europa.eu\/consumers\/odr\/\">http:\/\/ec.europa.eu\/consumers\/odr\/<\/a>\u00a0zur L\u00f6sung von Konflikten verwenden.<\/p><p>Wir nehmen an einem Streitbeilegungsverfahren vor einer Verbraucherschlichtungsstelle teil. F\u00fcr Anw\u00e4lte ist dies die Schlichtungsstelle der Rechtsanwaltschaft, Neue Gr\u00fcnstr. 17, 10179 Berlin,\u00a0<a href=\"http:\/\/www.s-d-r.org.\/\">http:\/\/www.s-d-r.org.<\/a><\/p>\t\t\t\t\t\t\t\t<\/div>\n\t\t\t\t<\/div>\n\t\t\t\t\t<\/div>\n\t\t<\/div>\n\t\t\t\t\t<\/div>\n\t\t<\/section>\n\t\t\t\t<\/div>","protected":false},"excerpt":{"rendered":"<p>FILAKS.plus Impressum Freicon Software GmbH Freicon Software GmbHFrohmattenstr. 2579268 B\u00f6tzingenGermany&nbsp;Office: +49 (0) 7663 60898-00www.filaksplus.com Gesch\u00e4ftsf\u00fchrung:&nbsp;Christopher HenniCheryll Beumer Amtsgericht: Freiburg HRB 728608 Steuernummer: 06424\/41049 USt-IdNr: DE357612463 Bankverbindungen: Kontoinhaber: Freicon Software GmbH BNP Paribas, Frankfurt am Main IBAN: DE15 5121 0600 4224 2970 12 BIC\/SWIFT: BNPADEFFXXX Bildrechte Fotolia, smilewerbung, FischerOpel-Partner: \u00a9 Surapol Usanakul \u2013 stock.adobe.com Online-Streitbeilegung Im&#8230;<\/p>","protected":false},"author":11,"featured_media":0,"parent":0,"menu_order":0,"comment_status":"closed","ping_status":"closed","template":"","meta":{"footnotes":""},"class_list":["post-167","page","type-page","status-publish","hentry"],"yoast_head":"<!-- This site is optimized with the Yoast SEO plugin v25.2 - https:\/\/yoast.com\/wordpress\/plugins\/seo\/ -->\n<title>Impressum - FILAKS.PLUS<\/title>\n<meta name=\"robots\" content=\"index, follow, max-snippet:-1, max-image-preview:large, max-video-preview:-1\" \/>\n<link rel=\"canonical\" href=\"https:\/\/filaksplus.com\/en\/impressum\/\" \/>\n<meta property=\"og:locale\" content=\"en_US\" \/>\n<meta property=\"og:type\" content=\"article\" \/>\n<meta property=\"og:title\" content=\"Impressum - FILAKS.PLUS\" \/>\n<meta property=\"og:description\" content=\"FILAKS.plus Impressum Freicon Software GmbH Freicon Software GmbHFrohmattenstr. 2579268 B\u00f6tzingenGermany&nbsp;Office: +49 (0) 7663 60898-00www.filaksplus.com Gesch\u00e4ftsf\u00fchrung:&nbsp;Christopher HenniCheryll Beumer Amtsgericht: Freiburg HRB 728608 Steuernummer: 06424\/41049 USt-IdNr: DE357612463 Bankverbindungen: Kontoinhaber: Freicon Software GmbH BNP Paribas, Frankfurt am Main IBAN: DE15 5121 0600 4224 2970 12 BIC\/SWIFT: BNPADEFFXXX Bildrechte Fotolia, smilewerbung, FischerOpel-Partner: \u00a9 Surapol Usanakul \u2013 stock.adobe.com Online-Streitbeilegung Im...\" \/>\n<meta property=\"og:url\" content=\"https:\/\/filaksplus.com\/en\/impressum\/\" \/>\n<meta property=\"og:site_name\" content=\"FILAKS.PLUS\" \/>\n<meta property=\"article:modified_time\" content=\"2024-10-28T12:19:09+00:00\" \/>\n<meta name=\"twitter:card\" content=\"summary_large_image\" \/>\n<meta name=\"twitter:label1\" content=\"Est. reading time\" \/>\n\t<meta name=\"twitter:data1\" content=\"1 minute\" \/>\n<script type=\"application\/ld+json\" class=\"yoast-schema-graph\">{\"@context\":\"https:\/\/schema.org\",\"@graph\":[{\"@type\":\"WebPage\",\"@id\":\"https:\/\/filaksplus.com\/impressum\/\",\"url\":\"https:\/\/filaksplus.com\/impressum\/\",\"name\":\"Impressum - FILAKS.PLUS\",\"isPartOf\":{\"@id\":\"https:\/\/filaksplus.com\/#website\"},\"datePublished\":\"2023-02-07T20:07:34+00:00\",\"dateModified\":\"2024-10-28T12:19:09+00:00\",\"breadcrumb\":{\"@id\":\"https:\/\/filaksplus.com\/impressum\/#breadcrumb\"},\"inLanguage\":\"en-US\",\"potentialAction\":[{\"@type\":\"ReadAction\",\"target\":[\"https:\/\/filaksplus.com\/impressum\/\"]}]},{\"@type\":\"BreadcrumbList\",\"@id\":\"https:\/\/filaksplus.com\/impressum\/#breadcrumb\",\"itemListElement\":[{\"@type\":\"ListItem\",\"position\":1,\"name\":\"Home\",\"item\":\"https:\/\/filaksplus.com\/\"},{\"@type\":\"ListItem\",\"position\":2,\"name\":\"Impressum\"}]},{\"@type\":\"WebSite\",\"@id\":\"https:\/\/filaksplus.com\/#website\",\"url\":\"https:\/\/filaksplus.com\/\",\"name\":\"FILAKS.PLUS\",\"description\":\"\",\"publisher\":{\"@id\":\"https:\/\/filaksplus.com\/#organization\"},\"potentialAction\":[{\"@type\":\"SearchAction\",\"target\":{\"@type\":\"EntryPoint\",\"urlTemplate\":\"https:\/\/filaksplus.com\/?s={search_term_string}\"},\"query-input\":{\"@type\":\"PropertyValueSpecification\",\"valueRequired\":true,\"valueName\":\"search_term_string\"}}],\"inLanguage\":\"en-US\"},{\"@type\":\"Organization\",\"@id\":\"https:\/\/filaksplus.com\/#organization\",\"name\":\"FILAKS.PLUS\",\"url\":\"https:\/\/filaksplus.com\/\",\"logo\":{\"@type\":\"ImageObject\",\"inLanguage\":\"en-US\",\"@id\":\"https:\/\/filaksplus.com\/#\/schema\/logo\/image\/\",\"url\":\"https:\/\/filaksplus.com\/wp-content\/uploads\/2023\/02\/Filaks.Plus_Brand-13.svg\",\"contentUrl\":\"https:\/\/filaksplus.com\/wp-content\/uploads\/2023\/02\/Filaks.Plus_Brand-13.svg\",\"width\":281,\"height\":100,\"caption\":\"FILAKS.PLUS\"},\"image\":{\"@id\":\"https:\/\/filaksplus.com\/#\/schema\/logo\/image\/\"}}]}<\/script>\n<!-- \/ Yoast SEO plugin. -->","yoast_head_json":{"title":"Impressum - FILAKS.PLUS","robots":{"index":"index","follow":"follow","max-snippet":"max-snippet:-1","max-image-preview":"max-image-preview:large","max-video-preview":"max-video-preview:-1"},"canonical":"https:\/\/filaksplus.com\/en\/impressum\/","og_locale":"en_US","og_type":"article","og_title":"Impressum - FILAKS.PLUS","og_description":"FILAKS.plus Impressum Freicon Software GmbH Freicon Software GmbHFrohmattenstr. 2579268 B\u00f6tzingenGermany&nbsp;Office: +49 (0) 7663 60898-00www.filaksplus.com Gesch\u00e4ftsf\u00fchrung:&nbsp;Christopher HenniCheryll Beumer Amtsgericht: Freiburg HRB 728608 Steuernummer: 06424\/41049 USt-IdNr: DE357612463 Bankverbindungen: Kontoinhaber: Freicon Software GmbH BNP Paribas, Frankfurt am Main IBAN: DE15 5121 0600 4224 2970 12 BIC\/SWIFT: BNPADEFFXXX Bildrechte Fotolia, smilewerbung, FischerOpel-Partner: \u00a9 Surapol Usanakul \u2013 stock.adobe.com Online-Streitbeilegung Im...","og_url":"https:\/\/filaksplus.com\/en\/impressum\/","og_site_name":"FILAKS.PLUS","article_modified_time":"2024-10-28T12:19:09+00:00","twitter_card":"summary_large_image","twitter_misc":{"Est. reading time":"1 minute"},"schema":{"@context":"https:\/\/schema.org","@graph":[{"@type":"WebPage","@id":"https:\/\/filaksplus.com\/impressum\/","url":"https:\/\/filaksplus.com\/impressum\/","name":"Impressum - FILAKS.PLUS","isPartOf":{"@id":"https:\/\/filaksplus.com\/#website"},"datePublished":"2023-02-07T20:07:34+00:00","dateModified":"2024-10-28T12:19:09+00:00","breadcrumb":{"@id":"https:\/\/filaksplus.com\/impressum\/#breadcrumb"},"inLanguage":"en-US","potentialAction":[{"@type":"ReadAction","target":["https:\/\/filaksplus.com\/impressum\/"]}]},{"@type":"BreadcrumbList","@id":"https:\/\/filaksplus.com\/impressum\/#breadcrumb","itemListElement":[{"@type":"ListItem","position":1,"name":"Home","item":"https:\/\/filaksplus.com\/"},{"@type":"ListItem","position":2,"name":"Impressum"}]},{"@type":"WebSite","@id":"https:\/\/filaksplus.com\/#website","url":"https:\/\/filaksplus.com\/","name":"FILAKS.PLUS","description":"","publisher":{"@id":"https:\/\/filaksplus.com\/#organization"},"potentialAction":[{"@type":"SearchAction","target":{"@type":"EntryPoint","urlTemplate":"https:\/\/filaksplus.com\/?s={search_term_string}"},"query-input":{"@type":"PropertyValueSpecification","valueRequired":true,"valueName":"search_term_string"}}],"inLanguage":"en-US"},{"@type":"Organization","@id":"https:\/\/filaksplus.com\/#organization","name":"FILAKS.PLUS","url":"https:\/\/filaksplus.com\/","logo":{"@type":"ImageObject","inLanguage":"en-US","@id":"https:\/\/filaksplus.com\/#\/schema\/logo\/image\/","url":"https:\/\/filaksplus.com\/wp-content\/uploads\/2023\/02\/Filaks.Plus_Brand-13.svg","contentUrl":"https:\/\/filaksplus.com\/wp-content\/uploads\/2023\/02\/Filaks.Plus_Brand-13.svg","width":281,"height":100,"caption":"FILAKS.PLUS"},"image":{"@id":"https:\/\/filaksplus.com\/#\/schema\/logo\/image\/"}}]}},"featured_image_src":null,"featured_image_src_square":null,"_links":{"self":[{"href":"https:\/\/filaksplus.com\/en\/wp-json\/wp\/v2\/pages\/167","targetHints":{"allow":["GET"]}}],"collection":[{"href":"https:\/\/filaksplus.com\/en\/wp-json\/wp\/v2\/pages"}],"about":[{"href":"https:\/\/filaksplus.com\/en\/wp-json\/wp\/v2\/types\/page"}],"author":[{"embeddable":true,"href":"https:\/\/filaksplus.com\/en\/wp-json\/wp\/v2\/users\/11"}],"replies":[{"embeddable":true,"href":"https:\/\/filaksplus.com\/en\/wp-json\/wp\/v2\/comments?post=167"}],"version-history":[{"count":0,"href":"https:\/\/filaksplus.com\/en\/wp-json\/wp\/v2\/pages\/167\/revisions"}],"wp:attachment":[{"href":"https:\/\/filaksplus.com\/en\/wp-json\/wp\/v2\/media?parent=167"}],"curies":[{"name":"wp","href":"https:\/\/api.w.org\/{rel}","templated":true}]}}